{"id":796,"date":"2020-11-01T13:20:33","date_gmt":"2020-11-01T12:20:33","guid":{"rendered":"https:\/\/dev.alpsware.at\/hp0\/?page_id=796"},"modified":"2025-07-26T13:06:32","modified_gmt":"2025-07-26T11:06:32","slug":"impressum","status":"publish","type":"page","link":"https:\/\/alpsware.at\/de\/impressum\/","title":{"rendered":"Impressum"},"content":{"rendered":"<section class=\"wpb-content-wrapper\"><div  class=\"vc_row wpb_row vc_row-fluid\"><div class=\"wpb_column vc_column_container vc_col-sm-12\"><div class=\"vc_column-inner\"><div class=\"wpb_wrapper\">\n\t<div class=\"wpb_text_column wpb_content_element\" >\n\t\t<div class=\"wpb_wrapper\">\n\t\t\t<h4 class=\"wp-block-heading\"><strong>Impressum:<\/strong><\/h4>\n<p>\u00a0<\/p>\n<div class=\"wp-block-spacer\" style=\"height: 12px;\" aria-hidden=\"true\">\u00a0<\/div>\n<p><strong>Firma:<\/strong><br \/>Alpsware GmbH<br \/>Lerchenfeldstra\u00dfe 51<br \/>9020 Klagenfurt am W\u00f6rthersee<\/p>\n<p style=\"padding-bottom: 12px;\">\n<p><strong>Unternehmensgegenstand:<\/strong><br \/>Beratungsdienstleistungen<br \/>EDV und damit zusammenh\u00e4ngende Beratungsleistungen<br \/>Programmierdienstleistungen<br \/>Softwareerstellung und Vertrieb von Software<br \/>Dienstleistungen in der automatischen Datenverarbeitung und Informationstechnik<\/p>\n<p style=\"padding-bottom: 12px;\">\n<p><strong>UID-Nummer:<\/strong><br \/>ATU76441502<\/p>\n<p style=\"padding-bottom: 12px;\">\n<p><strong>Firmenbuchnummer<\/strong><br \/>547441k<\/p>\n<p style=\"padding-bottom: 12px;\">\n<p><strong>Firmenbuchgericht<\/strong><br \/>Landesgericht Klagenfurt<\/p>\n<p style=\"padding-bottom: 12px;\">\n<p style=\"padding-bottom: 12px;\"><strong>Firmensitz<\/strong><br \/>9020 Klagenfurt am W\u00f6rthersee<\/p>\n<p>\u00a0<\/p>\n<p style=\"padding-bottom: 12px;\"><strong>volle geografische Anschrift<\/strong><br \/>Lerchenfeldstra\u00dfe 51, 9020 Klagenfurt am W\u00f6rthersee<\/p>\n<p>\u00a0<\/p>\n<p style=\"padding-bottom: 12px;\"><strong>Kontaktdaten<\/strong><br \/>Tel: +43 463 203444<br \/>E-Mail: contact@alpsware.at<\/p>\n<p>\u00a0<\/p>\n<p style=\"padding-bottom: 12px;\"><strong>Kammermitgliedschaften<\/strong><br \/>Wirtschaftskammer K\u00e4rnten<\/p>\n<p>\u00a0<\/p>\n<p style=\"padding-bottom: 12px;\"><strong>anwendbare Rechtsvorschriften und Zugang<\/strong><br \/>Gewerbeordnung (www.ris.bka.gv.at)<\/p>\n<p>\u00a0<\/p>\n<p style=\"padding-bottom: 12px;\"><strong>Aufsichts-\/Gewerbebeh\u00f6rde<\/strong><br \/>Magistrat der Stadt Klagenfurt<\/p>\n<p>\u00a0<\/p>\n<div class=\"wp-block-spacer\" style=\"height: 32px;\" aria-hidden=\"true\">\u00a0<\/div>\n<p>\u00a0<\/p>\n<h4 class=\"wp-block-heading\"><strong>OFFENLEGUNG NACH DEM MEDIENG:<\/strong><\/h4>\n<p>\u00a0<\/p>\n<div class=\"wp-block-spacer\" style=\"height: 12px;\" aria-hidden=\"true\">\u00a0<\/div>\n<p>\u00a0<\/p>\n<p style=\"padding-bottom: 12px;\"><strong>Medieninhaber:<\/strong><br \/>Alpsware GmbH<\/p>\n<p>\u00a0<\/p>\n<p style=\"padding-bottom: 12px;\"><strong>Sitz:<\/strong><br \/>9020 Klagenfurt am W\u00f6rthersee<\/p>\n<p>\u00a0<\/p>\n<p style=\"padding-bottom: 12px;\"><strong>Unternehmensgegenstand:<\/strong><br \/>Dienstleistungen in der automatischen Datenverarbeitung und Informationstechnik<\/p>\n<p>\u00a0<\/p>\n<div class=\"wp-block-spacer\" style=\"height: 38px;\" aria-hidden=\"true\">\u00a0<\/div>\n<p>\u00a0<\/p>\n<h4 class=\"wp-block-heading\"><strong>Weitere Seiteninformationen:<\/strong><\/h4>\n<p>\u00a0<\/p>\n<div class=\"wp-block-spacer\" style=\"height: 12px;\" aria-hidden=\"true\">\u00a0<\/div>\n<p>\u00a0<\/p>\n<p style=\"padding-bottom: 12px;\"><strong>Copyright Portraitfotos:<\/strong><br \/>Daniel Waschnig Photography<\/p>\n<p>&nbsp;<\/p>\n\n\t\t<\/div>\n\t<\/div>\n<\/div><\/div><\/div><\/div><\/section>","protected":false},"excerpt":{"rendered":"Impressum: \u00a0 \u00a0 Firma:Alpsware GmbHLerchenfeldstra\u00dfe 519020 Klagenfurt am W\u00f6rthersee Unternehmensgegenstand:BeratungsdienstleistungenEDV und damit zusammenh\u00e4ngende BeratungsleistungenProgrammierdienstleistungenSoftwareerstellung und Vertrieb von SoftwareDienstleistungen in der automatischen Datenverarbeitung und Informationstechnik UID-Nummer:ATU76441502 Firmenbuchnummer547441k FirmenbuchgerichtLandesgericht Klagenfurt Firmensitz9020 Klagenfurt am W\u00f6rthersee \u00a0 volle geografische AnschriftLerchenfeldstra\u00dfe 51, 9020 Klagenfurt am W\u00f6rthersee \u00a0 KontaktdatenTel: +43 463 203444E-Mail: contact@alpsware.at \u00a0 KammermitgliedschaftenWirtschaftskammer K\u00e4rnten \u00a0 anwendbare Rechtsvorschriften und ZugangGewerbeordnung [...]","protected":false},"author":1,"featured_media":0,"parent":0,"menu_order":0,"comment_status":"closed","ping_status":"closed","template":"","meta":{"footnotes":""},"class_list":["post-796","page","type-page","status-publish","hentry"],"_links":{"self":[{"href":"https:\/\/alpsware.at\/de\/wp-json\/wp\/v2\/pages\/796","targetHints":{"allow":["GET"]}}],"collection":[{"href":"https:\/\/alpsware.at\/de\/wp-json\/wp\/v2\/pages"}],"about":[{"href":"https:\/\/alpsware.at\/de\/wp-json\/wp\/v2\/types\/page"}],"author":[{"embeddable":true,"href":"https:\/\/alpsware.at\/de\/wp-json\/wp\/v2\/users\/1"}],"replies":[{"embeddable":true,"href":"https:\/\/alpsware.at\/de\/wp-json\/wp\/v2\/comments?post=796"}],"version-history":[{"count":50,"href":"https:\/\/alpsware.at\/de\/wp-json\/wp\/v2\/pages\/796\/revisions"}],"predecessor-version":[{"id":4119,"href":"https:\/\/alpsware.at\/de\/wp-json\/wp\/v2\/pages\/796\/revisions\/4119"}],"wp:attachment":[{"href":"https:\/\/alpsware.at\/de\/wp-json\/wp\/v2\/media?parent=796"}],"curies":[{"name":"wp","href":"https:\/\/api.w.org\/{rel}","templated":true}]}}